{"id":1761,"date":"2022-10-15T13:58:24","date_gmt":"2022-10-15T16:58:24","guid":{"rendered":"https:\/\/demosites.royal-elementor-addons.com\/hotel-v1\/?page_id=7"},"modified":"2023-03-21T16:59:27","modified_gmt":"2023-03-21T19:59:27","slug":"home-hotel-v1","status":"publish","type":"page","link":"https:\/\/fbbt.com.br\/","title":{"rendered":"Home"},"content":{"rendered":"\t\t<div data-elementor-type=\"wp-page\" data-elementor-id=\"1761\" class=\"elementor elementor-1761\">\n\t\t\t\t\t\t\t\t\t<section class=\"elementor-section elementor-top-section elementor-element elementor-element-2cbb45d elementor-section-full_width elementor-section-height-default elementor-section-height-default wpr-particle-no wpr-jarallax-no wpr-parallax-no wpr-sticky-section-no\" data-id=\"2cbb45d\" data-element_type=\"section\" data-settings=\"{&quot;background_background&quot;:&quot;slideshow&quot;,&quot;background_slideshow_gallery&quot;:[{&quot;id&quot;:2583,&quot;url&quot;:&quot;https:\\\/\\\/fbbt.com.br\\\/wp-content\\\/uploads\\\/2023\\\/03\\\/davibastos1.jpg&quot;},{&quot;id&quot;:2584,&quot;url&quot;:&quot;https:\\\/\\\/fbbt.com.br\\\/wp-content\\\/uploads\\\/2023\\\/03\\\/davibastos2.jpg&quot;},{&quot;id&quot;:2585,&quot;url&quot;:&quot;https:\\\/\\\/fbbt.com.br\\\/wp-content\\\/uploads\\\/2023\\\/03\\\/davibastos3.jpg&quot;},{&quot;id&quot;:2586,&quot;url&quot;:&quot;https:\\\/\\\/fbbt.com.br\\\/wp-content\\\/uploads\\\/2023\\\/03\\\/davibastos4.jpg&quot;},{&quot;id&quot;:2587,&quot;url&quot;:&quot;https:\\\/\\\/fbbt.com.br\\\/wp-content\\\/uploads\\\/2023\\\/03\\\/davibastos5.jpg&quot;},{&quot;id&quot;:2588,&quot;url&quot;:&quot;https:\\\/\\\/fbbt.com.br\\\/wp-content\\\/uploads\\\/2023\\\/03\\\/davibastos6.jpg&quot;},{&quot;id&quot;:2589,&quot;url&quot;:&quot;https:\\\/\\\/fbbt.com.br\\\/wp-content\\\/uploads\\\/2023\\\/03\\\/davibastos7.jpg&quot;},{&quot;id&quot;:2590,&quot;url&quot;:&quot;https:\\\/\\\/fbbt.com.br\\\/wp-content\\\/uploads\\\/2023\\\/03\\\/davibastos8.jpg&quot;},{&quot;id&quot;:2591,&quot;url&quot;:&quot;https:\\\/\\\/fbbt.com.br\\\/wp-content\\\/uploads\\\/2023\\\/03\\\/davibastos9.jpg&quot;}],&quot;background_slideshow_loop&quot;:&quot;yes&quot;,&quot;background_slideshow_slide_duration&quot;:5000,&quot;background_slideshow_slide_transition&quot;:&quot;fade&quot;,&quot;background_slideshow_transition_duration&quot;:500}\">\n\t\t\t\t\t\t\t<div class=\"elementor-background-overlay\"><\/div>\n\t\t\t\t\t\t\t<div class=\"elementor-container elementor-column-gap-no\">\n\t\t\t\t\t<div class=\"elementor-column elementor-col-100 elementor-top-column elementor-element elementor-element-43f0bce\" data-id=\"43f0bce\" data-element_type=\"column\">\n\t\t\t<div class=\"elementor-widget-wrap elementor-element-populated\">\n\t\t\t\t\t\t\t\t<section class=\"elementor-section elementor-inner-section elementor-element elementor-element-53c5f0b elementor-section-content-middle elementor-section-boxed elementor-section-height-default elementor-section-height-default wpr-particle-no wpr-jarallax-no wpr-parallax-no wpr-sticky-section-no\" data-id=\"53c5f0b\" data-element_type=\"section\">\n\t\t\t\t\t\t<div class=\"elementor-container elementor-column-gap-default\">\n\t\t\t\t\t<div class=\"elementor-column elementor-col-100 elementor-inner-column elementor-element elementor-element-bfa5a19\" data-id=\"bfa5a19\" data-element_type=\"column\">\n\t\t\t<div class=\"elementor-widget-wrap elementor-element-populated\">\n\t\t\t\t\t\t\t\t<div class=\"elementor-element elementor-element-bd81352 elementor-widget elementor-widget-text-editor\" data-id=\"bd81352\" data-element_type=\"widget\" data-widget_type=\"text-editor.default\">\n\t\t\t\t<div class=\"elementor-widget-container\">\n\t\t\t<style>\/*! elementor - v3.10.0 - 09-01-2023 *\/\n.elementor-widget-text-editor.elementor-drop-cap-view-stacked .elementor-drop-cap{background-color:#818a91;color:#fff}.elementor-widget-text-editor.elementor-drop-cap-view-framed .elementor-drop-cap{color:#818a91;border:3px solid;background-color:transparent}.elementor-widget-text-editor:not(.elementor-drop-cap-view-default) .elementor-drop-cap{margin-top:8px}.elementor-widget-text-editor:not(.elementor-drop-cap-view-default) .elementor-drop-cap-letter{width:1em;height:1em}.elementor-widget-text-editor .elementor-drop-cap{float:left;text-align:center;line-height:1;font-size:50px}.elementor-widget-text-editor .elementor-drop-cap-letter{display:inline-block}<\/style>\t\t\t\t<p>O conforto que <em>voc\u00ea<\/em> merece<\/p>\t\t\t\t\t\t<\/div>\n\t\t\t\t<\/div>\n\t\t\t\t<div class=\"elementor-element elementor-element-ee59771 elementor-widget elementor-widget-text-editor\" data-id=\"ee59771\" data-element_type=\"widget\" data-widget_type=\"text-editor.default\">\n\t\t\t\t<div class=\"elementor-widget-container\">\n\t\t\t\t\t\t\t<p>com a seguran\u00e7a que voc\u00ea <em>precisa<\/em><\/p>\t\t\t\t\t\t<\/div>\n\t\t\t\t<\/div>\n\t\t\t\t\t<\/div>\n\t\t<\/div>\n\t\t\t\t\t\t\t<\/div>\n\t\t<\/section>\n\t\t\t\t\t<\/div>\n\t\t<\/div>\n\t\t\t\t\t\t\t<\/div>\n\t\t<\/section>\n\t\t\t\t<section class=\"elementor-section elementor-top-section elementor-element elementor-element-e84d1c9 elementor-section-boxed elementor-section-height-default elementor-section-height-default wpr-particle-no wpr-jarallax-no wpr-parallax-no wpr-sticky-section-no\" data-id=\"e84d1c9\" data-element_type=\"section\" id=\"conceito\" data-settings=\"{&quot;background_background&quot;:&quot;classic&quot;}\">\n\t\t\t\t\t\t\t<div class=\"elementor-background-overlay\"><\/div>\n\t\t\t\t\t\t\t<div class=\"elementor-container elementor-column-gap-default\">\n\t\t\t\t\t<div class=\"elementor-column elementor-col-33 elementor-top-column elementor-element elementor-element-45effc8\" data-id=\"45effc8\" data-element_type=\"column\">\n\t\t\t<div class=\"elementor-widget-wrap elementor-element-populated\">\n\t\t\t\t\t\t\t\t<div class=\"elementor-element elementor-element-f98ccac elementor-widget elementor-widget-text-editor\" data-id=\"f98ccac\" data-element_type=\"widget\" data-widget_type=\"text-editor.default\">\n\t\t\t\t<div class=\"elementor-widget-container\">\n\t\t\t\t\t\t\t<p>Conceito<\/p>\t\t\t\t\t\t<\/div>\n\t\t\t\t<\/div>\n\t\t\t\t<div class=\"elementor-element elementor-element-fbd96bb elementor-widget elementor-widget-text-editor\" data-id=\"fbd96bb\" data-element_type=\"widget\" data-widget_type=\"text-editor.default\">\n\t\t\t\t<div class=\"elementor-widget-container\">\n\t\t\t\t\t\t\t<p>A FBBT trabalha como empreendimentos de luxo, tanto como Construtora quanto Incorporadora.<\/p><p>Como Construtora, trabalhamos com obras e reformas. Constru\u00edmos tamb\u00e9m im\u00f3veis de luxo \u00fanicos e personalizados para voc\u00ea em todos os aspectos, traga sua ideia e daremos in\u00edcio \u00e0 essa obra.<\/p><p>Como Incorporadora, desenvolvemos e administramos projetos de luxo.<\/p>\t\t\t\t\t\t<\/div>\n\t\t\t\t<\/div>\n\t\t\t\t<div class=\"elementor-element elementor-element-d0fae0c wpr-button-icon-style-inline wpr-button-icon-position-right elementor-widget elementor-widget-wpr-button\" data-id=\"d0fae0c\" data-element_type=\"widget\" data-widget_type=\"wpr-button.default\">\n\t\t\t\t<div class=\"elementor-widget-container\">\n\t\t\t\t\r\n\t\t\t\r\n\t\t\r\n\t\t<div class=\"wpr-button-wrap elementor-clearfix\">\r\n\t\t<a class=\"wpr-button wpr-button-effect wpr-button-none\" data-text=\"Go\" href=\"https:\/\/api.whatsapp.com\/send?phone=5511932139999\" target=\"_blank\">\r\n\t\t\t\r\n\t\t\t<span class=\"wpr-button-content\">\r\n\t\t\t\t\t\t\t\t\t<span class=\"wpr-button-text\">D\u00favidas? Converse Conosco<\/span>\r\n\t\t\t\t\t\t\t\t\r\n\t\t\t\t\t\t\t<\/span>\r\n\t\t<\/a>\r\n\r\n\t\t\t\t<\/div>\r\n\t\r\n\t\r\n\t\t\t<\/div>\n\t\t\t\t<\/div>\n\t\t\t\t\t<\/div>\n\t\t<\/div>\n\t\t\t\t<div class=\"elementor-column elementor-col-33 elementor-top-column elementor-element elementor-element-2654e40\" data-id=\"2654e40\" data-element_type=\"column\">\n\t\t\t<div class=\"elementor-widget-wrap elementor-element-populated\">\n\t\t\t\t\t\t\t\t<div class=\"elementor-element elementor-element-2fdc854 elementor-widget elementor-widget-image\" data-id=\"2fdc854\" data-element_type=\"widget\" data-widget_type=\"image.default\">\n\t\t\t\t<div class=\"elementor-widget-container\">\n\t\t\t<style>\/*! elementor - v3.10.0 - 09-01-2023 *\/\n.elementor-widget-image{text-align:center}.elementor-widget-image a{display:inline-block}.elementor-widget-image a img[src$=\".svg\"]{width:48px}.elementor-widget-image img{vertical-align:middle;display:inline-block}<\/style>\t\t\t\t\t\t\t\t\t\t\t\t<img decoding=\"async\" width=\"436\" height=\"436\" src=\"https:\/\/fbbt.com.br\/wp-content\/uploads\/2023\/03\/obras.png\" class=\"elementor-animation-grow-rotate attachment-large size-large wp-image-2652\" alt=\"\" loading=\"lazy\" srcset=\"https:\/\/fbbt.com.br\/wp-content\/uploads\/2023\/03\/obras.png 436w, https:\/\/fbbt.com.br\/wp-content\/uploads\/2023\/03\/obras-300x300.png 300w, https:\/\/fbbt.com.br\/wp-content\/uploads\/2023\/03\/obras-150x150.png 150w\" sizes=\"(max-width: 436px) 100vw, 436px\" \/>\t\t\t\t\t\t\t\t\t\t\t\t\t\t\t<\/div>\n\t\t\t\t<\/div>\n\t\t\t\t<div class=\"elementor-element elementor-element-a5bec84 elementor-widget elementor-widget-image\" data-id=\"a5bec84\" data-element_type=\"widget\" data-widget_type=\"image.default\">\n\t\t\t\t<div class=\"elementor-widget-container\">\n\t\t\t\t\t\t\t\t\t\t\t\t\t\t\t<img decoding=\"async\" width=\"436\" height=\"436\" src=\"https:\/\/fbbt.com.br\/wp-content\/uploads\/2023\/03\/imoveis.png\" class=\"elementor-animation-grow-rotate attachment-large size-large wp-image-2654\" alt=\"\" loading=\"lazy\" srcset=\"https:\/\/fbbt.com.br\/wp-content\/uploads\/2023\/03\/imoveis.png 436w, https:\/\/fbbt.com.br\/wp-content\/uploads\/2023\/03\/imoveis-300x300.png 300w, https:\/\/fbbt.com.br\/wp-content\/uploads\/2023\/03\/imoveis-150x150.png 150w\" sizes=\"(max-width: 436px) 100vw, 436px\" \/>\t\t\t\t\t\t\t\t\t\t\t\t\t\t\t<\/div>\n\t\t\t\t<\/div>\n\t\t\t\t\t<\/div>\n\t\t<\/div>\n\t\t\t\t<div class=\"elementor-column elementor-col-33 elementor-top-column elementor-element elementor-element-cb3943d\" data-id=\"cb3943d\" data-element_type=\"column\">\n\t\t\t<div class=\"elementor-widget-wrap elementor-element-populated\">\n\t\t\t\t\t\t\t\t<div class=\"elementor-element elementor-element-3283996 elementor-widget elementor-widget-image\" data-id=\"3283996\" data-element_type=\"widget\" data-widget_type=\"image.default\">\n\t\t\t\t<div class=\"elementor-widget-container\">\n\t\t\t\t\t\t\t\t\t\t\t\t\t\t\t<img decoding=\"async\" width=\"436\" height=\"436\" src=\"https:\/\/fbbt.com.br\/wp-content\/uploads\/2023\/03\/reformas.png\" class=\"elementor-animation-grow-rotate attachment-large size-large wp-image-2653\" alt=\"\" loading=\"lazy\" srcset=\"https:\/\/fbbt.com.br\/wp-content\/uploads\/2023\/03\/reformas.png 436w, https:\/\/fbbt.com.br\/wp-content\/uploads\/2023\/03\/reformas-300x300.png 300w, https:\/\/fbbt.com.br\/wp-content\/uploads\/2023\/03\/reformas-150x150.png 150w\" sizes=\"(max-width: 436px) 100vw, 436px\" \/>\t\t\t\t\t\t\t\t\t\t\t\t\t\t\t<\/div>\n\t\t\t\t<\/div>\n\t\t\t\t<div class=\"elementor-element elementor-element-607ae40 elementor-widget elementor-widget-image\" data-id=\"607ae40\" data-element_type=\"widget\" data-widget_type=\"image.default\">\n\t\t\t\t<div class=\"elementor-widget-container\">\n\t\t\t\t\t\t\t\t\t\t\t\t\t\t\t<img decoding=\"async\" width=\"436\" height=\"436\" src=\"https:\/\/fbbt.com.br\/wp-content\/uploads\/2023\/03\/terrenos.png\" class=\"elementor-animation-grow-rotate attachment-large size-large wp-image-2655\" alt=\"\" loading=\"lazy\" srcset=\"https:\/\/fbbt.com.br\/wp-content\/uploads\/2023\/03\/terrenos.png 436w, https:\/\/fbbt.com.br\/wp-content\/uploads\/2023\/03\/terrenos-300x300.png 300w, https:\/\/fbbt.com.br\/wp-content\/uploads\/2023\/03\/terrenos-150x150.png 150w\" sizes=\"(max-width: 436px) 100vw, 436px\" \/>\t\t\t\t\t\t\t\t\t\t\t\t\t\t\t<\/div>\n\t\t\t\t<\/div>\n\t\t\t\t\t<\/div>\n\t\t<\/div>\n\t\t\t\t\t\t\t<\/div>\n\t\t<\/section>\n\t\t\t\t<section class=\"elementor-section elementor-top-section elementor-element elementor-element-03938f0 elementor-section-boxed elementor-section-height-default elementor-section-height-default wpr-particle-no wpr-jarallax-no wpr-parallax-no wpr-sticky-section-no\" data-id=\"03938f0\" data-element_type=\"section\" data-settings=\"{&quot;background_background&quot;:&quot;classic&quot;}\">\n\t\t\t\t\t\t\t<div class=\"elementor-background-overlay\"><\/div>\n\t\t\t\t\t\t\t<div class=\"elementor-container elementor-column-gap-default\">\n\t\t\t\t\t<div class=\"elementor-column elementor-col-100 elementor-top-column elementor-element elementor-element-832bf57\" data-id=\"832bf57\" data-element_type=\"column\">\n\t\t\t<div class=\"elementor-widget-wrap elementor-element-populated\">\n\t\t\t\t\t\t\t\t<div class=\"elementor-element elementor-element-0fe9eda elementor-widget elementor-widget-text-editor\" data-id=\"0fe9eda\" data-element_type=\"widget\" data-widget_type=\"text-editor.default\">\n\t\t\t\t<div class=\"elementor-widget-container\">\n\t\t\t\t\t\t\t<p>Im\u00f3veis e Terrenos<\/p>\t\t\t\t\t\t<\/div>\n\t\t\t\t<\/div>\n\t\t\t\t\t<\/div>\n\t\t<\/div>\n\t\t\t\t\t\t\t<\/div>\n\t\t<\/section>\n\t\t\t\t<section class=\"elementor-section elementor-top-section elementor-element elementor-element-e3496e5 elementor-section-boxed elementor-section-height-default elementor-section-height-default wpr-particle-no wpr-jarallax-no wpr-parallax-no wpr-sticky-section-no\" data-id=\"e3496e5\" data-element_type=\"section\" data-settings=\"{&quot;background_background&quot;:&quot;classic&quot;}\">\n\t\t\t\t\t\t\t<div class=\"elementor-background-overlay\"><\/div>\n\t\t\t\t\t\t\t<div class=\"elementor-container elementor-column-gap-default\">\n\t\t\t\t\t<div class=\"elementor-column elementor-col-50 elementor-top-column elementor-element elementor-element-b4ab282\" data-id=\"b4ab282\" data-element_type=\"column\">\n\t\t\t<div class=\"elementor-widget-wrap elementor-element-populated\">\n\t\t\t\t\t\t\t\t<div class=\"elementor-element elementor-element-d772a4a elementor-widget elementor-widget-text-editor\" data-id=\"d772a4a\" data-element_type=\"widget\" data-widget_type=\"text-editor.default\">\n\t\t\t\t<div class=\"elementor-widget-container\">\n\t\t\t\t\t\t\t<p>Vendendo Sonhos<\/p>\t\t\t\t\t\t<\/div>\n\t\t\t\t<\/div>\n\t\t\t\t<div class=\"elementor-element elementor-element-5183650 elementor-widget elementor-widget-text-editor\" data-id=\"5183650\" data-element_type=\"widget\" data-widget_type=\"text-editor.default\">\n\t\t\t\t<div class=\"elementor-widget-container\">\n\t\t\t\t\t\t\t<p>A FBBT trabalha como empreendimentos de luxo, tanto como Construtora quanto Incorporadora.<\/p><p>Como Construtora, trabalhamos com obras e reformas. Constru\u00edmos tamb\u00e9m im\u00f3veis de luxo \u00fanicos e personalizados para voc\u00ea em todos os aspectos, traga sua ideia e daremos in\u00edcio \u00e0 essa obra.<\/p><p>Como Incorporadora, desenvolvemos e administramos projetos de luxo. Clique a seguir e saiba mais sobre nossos im\u00f3veis.<\/p>\t\t\t\t\t\t<\/div>\n\t\t\t\t<\/div>\n\t\t\t\t<div class=\"elementor-element elementor-element-58c2cf6 wpr-button-icon-style-inline wpr-button-icon-position-right elementor-widget elementor-widget-wpr-button\" data-id=\"58c2cf6\" data-element_type=\"widget\" data-widget_type=\"wpr-button.default\">\n\t\t\t\t<div class=\"elementor-widget-container\">\n\t\t\t\t\r\n\t\t\t\r\n\t\t\r\n\t\t<div class=\"wpr-button-wrap elementor-clearfix\">\r\n\t\t<a class=\"wpr-button wpr-button-effect wpr-button-none\" data-text=\"Go\" href=\"https:\/\/fbbt.com.br\/index.php\/imoveis\/\" target=\"_blank\">\r\n\t\t\t\r\n\t\t\t<span class=\"wpr-button-content\">\r\n\t\t\t\t\t\t\t\t\t<span class=\"wpr-button-text\">Ver Im\u00f3veis<\/span>\r\n\t\t\t\t\t\t\t\t\r\n\t\t\t\t\t\t\t<\/span>\r\n\t\t<\/a>\r\n\r\n\t\t\t\t<\/div>\r\n\t\r\n\t\r\n\t\t\t<\/div>\n\t\t\t\t<\/div>\n\t\t\t\t\t<\/div>\n\t\t<\/div>\n\t\t\t\t<div class=\"elementor-column elementor-col-50 elementor-top-column elementor-element elementor-element-aef71f9\" data-id=\"aef71f9\" data-element_type=\"column\">\n\t\t\t<div class=\"elementor-widget-wrap elementor-element-populated\">\n\t\t\t\t\t\t\t\t<div class=\"elementor-element elementor-element-e578cfe elementor-pagination-position-outside elementor-widget elementor-widget-image-carousel\" data-id=\"e578cfe\" data-element_type=\"widget\" data-settings=\"{&quot;slides_to_show&quot;:&quot;1&quot;,&quot;navigation&quot;:&quot;dots&quot;,&quot;autoplay&quot;:&quot;yes&quot;,&quot;pause_on_hover&quot;:&quot;yes&quot;,&quot;pause_on_interaction&quot;:&quot;yes&quot;,&quot;autoplay_speed&quot;:5000,&quot;infinite&quot;:&quot;yes&quot;,&quot;effect&quot;:&quot;slide&quot;,&quot;speed&quot;:500}\" data-widget_type=\"image-carousel.default\">\n\t\t\t\t<div class=\"elementor-widget-container\">\n\t\t\t<style>\/*! elementor - v3.10.0 - 09-01-2023 *\/\n.elementor-widget-image-carousel .swiper-container{position:static}.elementor-widget-image-carousel .swiper-container .swiper-slide figure{line-height:inherit}.elementor-widget-image-carousel .swiper-slide{text-align:center}.elementor-image-carousel-wrapper:not(.swiper-container-initialized) .swiper-slide{max-width:calc(100% \/ var(--e-image-carousel-slides-to-show, 3))}<\/style>\t\t<div class=\"elementor-image-carousel-wrapper swiper-container\" dir=\"ltr\">\n\t\t\t<div class=\"elementor-image-carousel swiper-wrapper\">\n\t\t\t\t\t\t\t\t<div class=\"swiper-slide\"><figure class=\"swiper-slide-inner\"><img decoding=\"async\" class=\"swiper-slide-image\" src=\"https:\/\/fbbt.com.br\/wp-content\/uploads\/2023\/01\/MB-06225-.jpg\" alt=\"MB-06225-\" \/><\/figure><\/div><div class=\"swiper-slide\"><figure class=\"swiper-slide-inner\"><img decoding=\"async\" class=\"swiper-slide-image\" src=\"https:\/\/fbbt.com.br\/wp-content\/uploads\/2023\/01\/MB-06078-.jpg\" alt=\"MB-06078-\" \/><\/figure><\/div><div class=\"swiper-slide\"><figure class=\"swiper-slide-inner\"><img decoding=\"async\" class=\"swiper-slide-image\" src=\"https:\/\/fbbt.com.br\/wp-content\/uploads\/2023\/01\/MB-06152-.jpg\" alt=\"MB-06152-\" \/><\/figure><\/div><div class=\"swiper-slide\"><figure class=\"swiper-slide-inner\"><img decoding=\"async\" class=\"swiper-slide-image\" src=\"https:\/\/fbbt.com.br\/wp-content\/uploads\/2023\/01\/MB-06085-.jpg\" alt=\"MB-06085-\" \/><\/figure><\/div>\t\t\t<\/div>\n\t\t\t\t\t\t\t\t\t\t\t\t<div class=\"swiper-pagination\"><\/div>\n\t\t\t\t\t\t\t\t\t\t\t\t\t<\/div>\n\t\t\t\t<\/div>\n\t\t\t\t<\/div>\n\t\t\t\t\t<\/div>\n\t\t<\/div>\n\t\t\t\t\t\t\t<\/div>\n\t\t<\/section>\n\t\t\t\t<section class=\"elementor-section elementor-top-section elementor-element elementor-element-9f53841 elementor-section-boxed elementor-section-height-default elementor-section-height-default wpr-particle-no wpr-jarallax-no wpr-parallax-no wpr-sticky-section-no\" data-id=\"9f53841\" data-element_type=\"section\" data-settings=\"{&quot;background_background&quot;:&quot;classic&quot;}\">\n\t\t\t\t\t\t\t<div class=\"elementor-background-overlay\"><\/div>\n\t\t\t\t\t\t\t<div class=\"elementor-container elementor-column-gap-default\">\n\t\t\t\t\t<div class=\"elementor-column elementor-col-100 elementor-top-column elementor-element elementor-element-27354cb\" data-id=\"27354cb\" data-element_type=\"column\">\n\t\t\t<div class=\"elementor-widget-wrap elementor-element-populated\">\n\t\t\t\t\t\t\t\t<div class=\"elementor-element elementor-element-50af9bd elementor-widget elementor-widget-text-editor\" data-id=\"50af9bd\" data-element_type=\"widget\" data-widget_type=\"text-editor.default\">\n\t\t\t\t<div class=\"elementor-widget-container\">\n\t\t\t\t\t\t\t<p>Obras e Reformas<\/p>\t\t\t\t\t\t<\/div>\n\t\t\t\t<\/div>\n\t\t\t\t\t<\/div>\n\t\t<\/div>\n\t\t\t\t\t\t\t<\/div>\n\t\t<\/section>\n\t\t\t\t<section class=\"elementor-section elementor-top-section elementor-element elementor-element-8a07cd6 elementor-section-boxed elementor-section-height-default elementor-section-height-default wpr-particle-no wpr-jarallax-no wpr-parallax-no wpr-sticky-section-no\" data-id=\"8a07cd6\" data-element_type=\"section\" data-settings=\"{&quot;background_background&quot;:&quot;classic&quot;}\">\n\t\t\t\t\t\t\t<div class=\"elementor-background-overlay\"><\/div>\n\t\t\t\t\t\t\t<div class=\"elementor-container elementor-column-gap-default\">\n\t\t\t\t\t<div class=\"elementor-column elementor-col-50 elementor-top-column elementor-element elementor-element-cbaf214\" data-id=\"cbaf214\" data-element_type=\"column\">\n\t\t\t<div class=\"elementor-widget-wrap elementor-element-populated\">\n\t\t\t\t\t\t\t\t<div class=\"elementor-element elementor-element-dd7089b elementor-widget elementor-widget-text-editor\" data-id=\"dd7089b\" data-element_type=\"widget\" data-widget_type=\"text-editor.default\">\n\t\t\t\t<div class=\"elementor-widget-container\">\n\t\t\t\t\t\t\t<p>Constru\u00e7\u00f5es \u00danicas<\/p>\t\t\t\t\t\t<\/div>\n\t\t\t\t<\/div>\n\t\t\t\t<div class=\"elementor-element elementor-element-8355cd8 elementor-widget elementor-widget-text-editor\" data-id=\"8355cd8\" data-element_type=\"widget\" data-widget_type=\"text-editor.default\">\n\t\t\t\t<div class=\"elementor-widget-container\">\n\t\t\t\t\t\t\t<p>A FBBT trabalha como empreendimentos de luxo, tanto como Construtora quanto Incorporadora.<\/p><p>Como Construtora, trabalhamos com obras e reformas. Constru\u00edmos tamb\u00e9m im\u00f3veis de luxo \u00fanicos e personalizados para voc\u00ea em todos os aspectos, traga sua ideia e daremos in\u00edcio \u00e0 essa obra.<\/p><p>Como Incorporadora, desenvolvemos e administramos projetos de luxo. Clique a seguir e saiba mais sobre nossos im\u00f3veis.<\/p>\t\t\t\t\t\t<\/div>\n\t\t\t\t<\/div>\n\t\t\t\t<div class=\"elementor-element elementor-element-e9c38b4 wpr-button-icon-style-inline wpr-button-icon-position-right elementor-widget elementor-widget-wpr-button\" data-id=\"e9c38b4\" data-element_type=\"widget\" data-widget_type=\"wpr-button.default\">\n\t\t\t\t<div class=\"elementor-widget-container\">\n\t\t\t\t\r\n\t\t\t\r\n\t\t\r\n\t\t<div class=\"wpr-button-wrap elementor-clearfix\">\r\n\t\t<a class=\"wpr-button wpr-button-effect wpr-button-none\" data-text=\"Go\" href=\"https:\/\/fbbt.com.br\/index.php\/obras\/\" target=\"_blank\">\r\n\t\t\t\r\n\t\t\t<span class=\"wpr-button-content\">\r\n\t\t\t\t\t\t\t\t\t<span class=\"wpr-button-text\">Saiba Mais<\/span>\r\n\t\t\t\t\t\t\t\t\r\n\t\t\t\t\t\t\t<\/span>\r\n\t\t<\/a>\r\n\r\n\t\t\t\t<\/div>\r\n\t\r\n\t\r\n\t\t\t<\/div>\n\t\t\t\t<\/div>\n\t\t\t\t\t<\/div>\n\t\t<\/div>\n\t\t\t\t<div class=\"elementor-column elementor-col-50 elementor-top-column elementor-element elementor-element-90136df\" data-id=\"90136df\" data-element_type=\"column\">\n\t\t\t<div class=\"elementor-widget-wrap elementor-element-populated\">\n\t\t\t\t\t\t\t\t<div class=\"elementor-element elementor-element-34a4349 elementor-pagination-position-outside elementor-widget elementor-widget-image-carousel\" data-id=\"34a4349\" data-element_type=\"widget\" data-settings=\"{&quot;slides_to_show&quot;:&quot;1&quot;,&quot;navigation&quot;:&quot;dots&quot;,&quot;autoplay&quot;:&quot;yes&quot;,&quot;pause_on_hover&quot;:&quot;yes&quot;,&quot;pause_on_interaction&quot;:&quot;yes&quot;,&quot;autoplay_speed&quot;:5000,&quot;infinite&quot;:&quot;yes&quot;,&quot;effect&quot;:&quot;slide&quot;,&quot;speed&quot;:500}\" data-widget_type=\"image-carousel.default\">\n\t\t\t\t<div class=\"elementor-widget-container\">\n\t\t\t\t\t<div class=\"elementor-image-carousel-wrapper swiper-container\" dir=\"ltr\">\n\t\t\t<div class=\"elementor-image-carousel swiper-wrapper\">\n\t\t\t\t\t\t\t\t<div class=\"swiper-slide\"><figure class=\"swiper-slide-inner\"><img decoding=\"async\" class=\"swiper-slide-image\" src=\"https:\/\/fbbt.com.br\/wp-content\/uploads\/2023\/03\/obra4-1024x683.png\" alt=\"obra4\" \/><\/figure><\/div><div class=\"swiper-slide\"><figure class=\"swiper-slide-inner\"><img decoding=\"async\" class=\"swiper-slide-image\" src=\"https:\/\/fbbt.com.br\/wp-content\/uploads\/2023\/03\/obra3-1024x683.png\" alt=\"obra3\" \/><\/figure><\/div><div class=\"swiper-slide\"><figure class=\"swiper-slide-inner\"><img decoding=\"async\" class=\"swiper-slide-image\" src=\"https:\/\/fbbt.com.br\/wp-content\/uploads\/2023\/03\/obra2-1024x683.png\" alt=\"obra2\" \/><\/figure><\/div><div class=\"swiper-slide\"><figure class=\"swiper-slide-inner\"><img decoding=\"async\" class=\"swiper-slide-image\" src=\"https:\/\/fbbt.com.br\/wp-content\/uploads\/2023\/03\/obra1-1024x683.png\" alt=\"obra1\" \/><\/figure><\/div>\t\t\t<\/div>\n\t\t\t\t\t\t\t\t\t\t\t\t<div class=\"swiper-pagination\"><\/div>\n\t\t\t\t\t\t\t\t\t\t\t\t\t<\/div>\n\t\t\t\t<\/div>\n\t\t\t\t<\/div>\n\t\t\t\t\t<\/div>\n\t\t<\/div>\n\t\t\t\t\t\t\t<\/div>\n\t\t<\/section>\n\t\t\t\t\t\t\t<\/div>\n\t\t","protected":false},"excerpt":{"rendered":"<p>O conforto que voc\u00ea merece com a seguran\u00e7a que voc\u00ea precisa Conceito A FBBT trabalha como empreendimentos de luxo, tanto como Construtora quanto Incorporadora. Como Construtora, trabalhamos com obras e reformas. Constru\u00edmos tamb\u00e9m im\u00f3veis de luxo \u00fanicos e personalizados para voc\u00ea em todos os aspectos, traga sua ideia e daremos in\u00edcio \u00e0 essa obra. Como [&hellip;]<\/p>\n","protected":false},"author":1,"featured_media":0,"parent":0,"menu_order":0,"comment_status":"closed","ping_status":"closed","template":"elementor_canvas","meta":[],"_links":{"self":[{"href":"https:\/\/fbbt.com.br\/index.php\/wp-json\/wp\/v2\/pages\/1761"}],"collection":[{"href":"https:\/\/fbbt.com.br\/index.php\/wp-json\/wp\/v2\/pages"}],"about":[{"href":"https:\/\/fbbt.com.br\/index.php\/wp-json\/wp\/v2\/types\/page"}],"author":[{"embeddable":true,"href":"https:\/\/fbbt.com.br\/index.php\/wp-json\/wp\/v2\/users\/1"}],"replies":[{"embeddable":true,"href":"https:\/\/fbbt.com.br\/index.php\/wp-json\/wp\/v2\/comments?post=1761"}],"version-history":[{"count":651,"href":"https:\/\/fbbt.com.br\/index.php\/wp-json\/wp\/v2\/pages\/1761\/revisions"}],"predecessor-version":[{"id":2953,"href":"https:\/\/fbbt.com.br\/index.php\/wp-json\/wp\/v2\/pages\/1761\/revisions\/2953"}],"wp:attachment":[{"href":"https:\/\/fbbt.com.br\/index.php\/wp-json\/wp\/v2\/media?parent=1761"}],"curies":[{"name":"wp","href":"https:\/\/api.w.org\/{rel}","templated":true}]}}